{"id":131,"date":"2019-02-26T20:42:25","date_gmt":"2019-02-26T20:42:25","guid":{"rendered":"http:\/\/yolibliss.com\/?page_id=131"},"modified":"2020-02-13T18:53:44","modified_gmt":"2020-02-13T18:53:44","slug":"biografia","status":"publish","type":"page","link":"https:\/\/yolibliss.com\/index.php\/biografia\/","title":{"rendered":"Biograf\u00eda"},"content":{"rendered":"<p><div class=\"gridContainer\"><\/p>\n<p class=\"has-medium-font-size\">Soy Yoli Washington y he llegado a ti para ser un canal de apoyo y motor de transformaci\u00f3n, para hacer posible lo<strong> <\/strong>\u201cimposible\u201d, para activar y descubrir juntos nuestra perfecci\u00f3n y poner en marcha nuestra naturaleza divina. <\/p>\n<p><\/div><\/p>\n<p><div class=\"gridContainer\"><\/p>\n<p class=\"has-medium-font-size\">Soy Maestra en Conciencia Plena de IRB, estoy certificada y practicante para realizar <strong><em><a href=\"https:\/\/yolibliss.com\/index.php\/activacion-de-adn\/\">Activaciones de ADN<\/a>, <a href=\"https:\/\/yolibliss.com\/index.php\/sincronizacion-cuantica-desde-irb\/\">Sincronizaciones Cu\u00e1nticas<\/a>, <a href=\"https:\/\/yolibliss.com\/index.php\/terapia-de-equilibrio\/\">y sesiones personalizadas de Equilibrio.<\/a> <\/em><\/strong>Estas herramientas te unifican y sincronizan con toda la sabidur\u00eda e informaci\u00f3n de tu ADN creando equilibrio, armon\u00eda y felicidad en tu vida. <\/p>\n<p><\/div><\/p>\n<p><div class=\"gridContainer\"><\/p>\n<div class=\"wp-block-image\">\n<figure class=\"alignleft is-resized\"><img loading=\"lazy\" src=\"http:\/\/yolibliss.com\/wp-content\/uploads\/2019\/02\/YOLI_WASHINGTON_1-1001x1500.jpg\" alt=\"YOLI WASHINGTON\" class=\"wp-image-135\" width=\"237\" height=\"355\"\/><\/figure>\n<\/div>\n<p><\/div><\/p>\n<p><div class=\"gridContainer\"><\/p>\n<p class=\"has-medium-font-size\">Si deseas ser parte de este prop\u00f3sito cont\u00e1ctame y escribamos juntos los cap\u00edtulos de tu nueva vida. <\/p>\n<p><\/div><\/p>\n<p><div class=\"gridContainer\"><\/p>\n<p class=\"has-medium-font-size\"> \u260e&nbsp;832.420.4922<br \/>\ud83d\udce7&nbsp;info@yolibliss.com&nbsp; <\/p>\n<p><\/div><\/p>\n<p><div class=\"gridContainer\"><\/p>\n<p><a href=\"https:\/\/yolibliss.com\/?fbclid=IwAR1K4uzggnWoUFj5P56UmAJjRYMRkE9ySdXilrAcm4MKMxKaOmP0ZUwmIUM\" target=\"_blank\" rel=\"noreferrer noopener\"> www.yolibliss.com<\/a><\/p>\n<p><\/div><\/p>\n","protected":false},"excerpt":{"rendered":"<p>Soy Yoli Washington y he llegado a ti para ser un canal de apoyo y motor de transformaci\u00f3n, para hacer posible lo \u201cimposible\u201d, para activar y descubrir juntos nuestra perfecci\u00f3n y poner en marcha nuestra naturaleza divina. Soy Maestra en Conciencia Plena de IRB, estoy certificada y practicante para realizar Activaciones de ADN, Sincronizaciones Cu\u00e1nticas,&nbsp;&hellip;<\/p>\n","protected":false},"author":1,"featured_media":0,"parent":0,"menu_order":0,"comment_status":"closed","ping_status":"closed","template":"","meta":[],"_links":{"self":[{"href":"https:\/\/yolibliss.com\/index.php\/wp-json\/wp\/v2\/pages\/131"}],"collection":[{"href":"https:\/\/yolibliss.com\/index.php\/wp-json\/wp\/v2\/pages"}],"about":[{"href":"https:\/\/yolibliss.com\/index.php\/wp-json\/wp\/v2\/types\/page"}],"author":[{"embeddable":true,"href":"https:\/\/yolibliss.com\/index.php\/wp-json\/wp\/v2\/users\/1"}],"replies":[{"embeddable":true,"href":"https:\/\/yolibliss.com\/index.php\/wp-json\/wp\/v2\/comments?post=131"}],"version-history":[{"count":14,"href":"https:\/\/yolibliss.com\/index.php\/wp-json\/wp\/v2\/pages\/131\/revisions"}],"predecessor-version":[{"id":361,"href":"https:\/\/yolibliss.com\/index.php\/wp-json\/wp\/v2\/pages\/131\/revisions\/361"}],"wp:attachment":[{"href":"https:\/\/yolibliss.com\/index.php\/wp-json\/wp\/v2\/media?parent=131"}],"curies":[{"name":"wp","href":"https:\/\/api.w.org\/{rel}","templated":true}]}}