{"id":273,"date":"2019-12-09T15:12:12","date_gmt":"2019-12-09T15:12:12","guid":{"rendered":"http:\/\/yolibliss.com\/index.php\/materialis\/"},"modified":"2023-03-28T15:16:20","modified_gmt":"2023-03-28T14:16:20","slug":"materialis","status":"publish","type":"page","link":"https:\/\/yolibliss.com\/","title":{"rendered":"Front Page"},"content":{"rendered":"<div  id=\"overlappable-8\" style=\"background-color: #f5fafd;\" data-label=\"Overlappable\" data-id=\"overlappable-5-materialis\" data-export-id=\"overlappable-5-materialis\" data-category=\"overlappable\" class=\"overlappable-5-materialis content-section content-section-spacing-large\" data-overlap=\"true\"><div  class=\"\"> <div  data-type=\"row\" class=\"row spaced-cols \"><div  class=\"col-xs-12 col-sm-6 col-md-3 \"> <div  class=\"card mdc-elevation--z3 row-card\"><div  class=\"row\"> <div  class=\"col-xs-12 col-sm-fit icon-col\" data-fixed=\"true\"><i  class=\"color1 icon mdi mdi-apple-safari bordered round normal-size\"><\/i><\/div> <div  class=\"col-xs-12 col-sm\" data-type=\"column\"><h4  class=\"color-black\">SINCRONIZACI\u00d3N CU\u00c1NTICA<\/h4> <p  class=\"\">Sincronizaci\u00f3n Cu\u00e1ntica desde IRB esta dise\u00f1ada para desbloquear todo aquello que no te permite fluir en este momento sea en el \u00e1rea familiar, de trabajo, o relaciones de pareja. Te permite desinstalar todos los programas y sistema de creencias que te anclan en el dolor, sufrimiento, y la  carencia que traes en tu l\u00ednea generacional y te da la oportunidad de comprender el para qu\u00e9 haz generado estas situaciones, te da la oportunidad de  trascender tus limitaciones y es ah\u00ed donde das el salto cu\u00e1ntico para manifestar esas metas que tanto haz so\u00f1ado.<\/p><a class=\"link\" href=\"https:\/\/yolibliss.com\/index.php\/sincronizacion-cuantica-desde-irb\" target=\"_blank\" data-cp-link=\"1\" rel=\"noopener noreferrer\">Leer m\u00e1s<\/a><\/div> <\/div><\/div> <\/div> <div  class=\"col-xs-12 col-sm-6 col-md-3 \"> <div  class=\"card mdc-elevation--z3 row-card\"> <div  class=\"row\"> <div  class=\"col-xs-12 col-sm-fit icon-col\" data-fixed=\"true\"> <i  class=\"color1 icon mdi mdi-creation bordered round normal-size\"><\/i><\/div> <div  class=\"col-xs-12 col-sm\" data-type=\"column\"><h4  class=\"color-black\">ACTIVACI\u00d3N DE ADN<\/h4> <p  class=\"\">Gran parte de los problemas f\u00edsicos, psicol\u00f3gicos y emocionales que padecemos provienen de bloqueos y perturbaciones energ\u00e9ticas de nuestras c\u00e9lulas. La Activaci\u00f3n de ADN desde IRB permite RECONECTAR con la perfecci\u00f3n del Patr\u00f3n Origen, con esas memorias celulares de Bienestar, de Salud y de orden Divino. La Activaci\u00f3n de ADN es muy eficaz para cualquier persona que est\u00e9 atravesando por momentos delicados de salud f\u00edsica o mental.&nbsp;<\/p><a class=\"link\" href=\"https:\/\/yolibliss.com\/index.php\/activacion-de-adn\" target=\"_blank\" data-cp-link=\"1\" rel=\"noopener noreferrer\">Leer m\u00e1s<\/a><\/div> <\/div><\/div> <\/div> <div  class=\"col-xs-12 col-sm-6 col-md-3 \"> <div  class=\"card mdc-elevation--z3 row-card\"> <div  class=\"row\"> <div  class=\"col-xs-12 col-sm-fit icon-col\" data-fixed=\"true\"> <i  class=\"color1 icon mdi mdi-fire bordered round normal-size\"><\/i><\/div> <div  class=\"col-xs-12 col-sm\" data-type=\"column\"><h4  class=\"color-black\">FUEGOS HOMA<\/h4> <p  class=\"\">Fuego Homa o Agnihotra. La terapia Homa viene de los Vedas en una practica milenaria que a trav\u00e9s del fuego se purifica los espacios, el medio ambiente y reduce el Stress. \n<br >\n<br >La Terapia Homa crea un campo magn\u00e9tico que neutraliza las energ\u00edas negativas y refuerza las energ\u00edas positivas. Purifica la atm\u00f3sfera de contaminantes y neutraliza la radiaci\u00f3n nociva. <\/p><a class=\"link\" href=\"https:\/\/yolibliss.com\/index.php\/fuegos-homa\" target=\"_blank\" data-cp-link=\"1\" rel=\"noopener noreferrer\">Leer m\u00e1s<\/a><\/div> <\/div><\/div> <\/div><div  class=\"col-xs-12 col-sm-6 col-md-3 \"> <div  class=\"card mdc-elevation--z3 row-card\"><div  class=\"row\"> <div  class=\"col-xs-12 col-sm-fit icon-col\" data-fixed=\"true\"><i  class=\"color1 icon mdi mdi-account-convert bordered round normal-size\"><\/i><\/div> <div  class=\"col-xs-12 col-sm\" data-type=\"column\"><h4  class=\"color-black\">SESIONES DE EQUILIBRIO<\/h4> <p  class=\"\">Equilibrio es un m\u00e9todo que hace reaccionar tu ritmo card\u00edaco, el cual por todas tus emociones encontradas ha ido alterando y modificando el entorno generando adrenalina para poder sentir los latidos y perdiendo el estado del placer, cuando haces equilibrio en IRB, es posible recuperar ese tono muscular en el coraz\u00f3n y con esto la capacidad de disfrutar del placer de estar vivo.<\/p><a class=\"link\" href=\"https:\/\/yolibliss.com\/index.php\/terapia-de-equilibrio\" target=\"_blank\" data-cp-link=\"1\" rel=\"noopener noreferrer\">Leer m\u00e1s<\/a><\/div> <\/div><\/div> <\/div><\/div> <\/div><\/div><!-- CloudPress Companion Preview Data START --><div  id=\"latest-news-1\" style=\"background-color: #f5fafd;\" data-label=\"Latest-news\" data-id=\"latest-news-1-materialis\" data-export-id=\"latest-news-1-materialis\" data-category=\"latest_news\" class=\"latest-news-1-materialis content-section content-section-spacing-large\"><div  class=\"\"> <div  class=\"row\"><div  data-type=\"column\" class=\"section-title-col\"> <h2  class=\"\">YOLI BLOG<\/h2> <p  class=\"lead\">Es momento de hacer posible lo \u201cimposible\u201d, de activar y descubrir juntos nuestra perfecci\u00f3n para poner en marcha nuestra naturaleza divina.&nbsp;\n<br >\n<br >\nLee y comparte mi contenido. \u00a1Namaste!<\/p><\/div> <\/div> <div  class=\"row content-left-sm\"> <div  data-type=\"row\" data-dynamic-columns=\"handled\" data-content-shortcode=\"materialis_latest_news columns=&quot;3&quot; \" data-max-items=\"4\">        <div class=\"row materialis-latest-news\">\r\n                    <div id=\"post-424\" class=\"col-sm-6 col-md-3 space-bottom space-bottom-xs\">\r\n                    <div class=\"post-content no-padding  mdc-card overflow-hidden mdc-elevation--z2 latest-news-layout-cards\">\r\n                    <div class=\"\">\r\n                    <div class=\"post-thumbnail\">\n        <a href=\"https:\/\/yolibliss.com\/index.php\/2021\/05\/25\/fases-lunares\/\" class=\"post-list-item-thumb \">\n            <img width=\"1232\" height=\"693\" src=\"https:\/\/yolibliss.com\/wp-content\/uploads\/2021\/05\/cca097a4755066caa02e43dbf3d65a89-1280x720-1-1232x693.jpg\" class=\"attachment-post-thumbnail size-post-thumbnail wp-post-image\" alt=\"\" loading=\"lazy\" srcset=\"https:\/\/yolibliss.com\/wp-content\/uploads\/2021\/05\/cca097a4755066caa02e43dbf3d65a89-1280x720-1-1232x693.jpg 1232w, https:\/\/yolibliss.com\/wp-content\/uploads\/2021\/05\/cca097a4755066caa02e43dbf3d65a89-1280x720-1-300x169.jpg 300w, https:\/\/yolibliss.com\/wp-content\/uploads\/2021\/05\/cca097a4755066caa02e43dbf3d65a89-1280x720-1-768x432.jpg 768w, https:\/\/yolibliss.com\/wp-content\/uploads\/2021\/05\/cca097a4755066caa02e43dbf3d65a89-1280x720-1.jpg 1280w\" sizes=\"(max-width: 1232px) 100vw, 1232px\" \/>        <\/a>\n    <\/div>\n                <\/div>\r\n        \r\n        <div class=\"post-content-body col-padding  \">\r\n                            <div class=\"space-bottom-small\">\r\n                    <a href=\"https:\/\/yolibliss.com\/index.php\/category\/fases-lunares\/\"  class=\"button color5 link \">Fases Lunares<\/a>                <\/div>\r\n            \r\n            <h4 class=\"latest-news-item-title\">\r\n                <a href=\"https:\/\/yolibliss.com\/index.php\/2021\/05\/25\/fases-lunares\/\" rel=\"bookmark\">\r\n                    Fases Lunares                <\/a>\r\n            <\/h4>\r\n\r\n            \r\n            <div class=\"latest-news-item-excerpt\">\r\n                <p>ECLIPSE LUNAR MAYO 26\/21\u00bfQu\u00e9 es un eclipse?Un eclipse ocurre cuando la luna se interpone entre[&hellip;]<\/p>\n            <\/div>\r\n\r\n\r\n        <\/div>\r\n                            <div class=\"mdc-card__actions box-padding-lr-small text-dark\">\r\n                <div class=\"mdc-card__action-icons col-xs-12 text-dark col-sm-fit no-padding-left\">\r\n                        <a class=\"post-footer-link\" href=\"https:\/\/yolibliss.com\/index.php\/2021\/05\/25\/fases-lunares\/\">\r\n        <i class=\"mdi small mdi-comment-outline mdc-card__action mdc-card__action--icon color-darkgray\" title=\"Comments\"><\/i>\r\n        <span class=\"post-footer-value\">0<\/span>\r\n    <\/a>\r\n    <a class=\"post-footer-link\" href=\"https:\/\/yolibliss.com\/index.php\/2021\/05\/25\/fases-lunares\/\">\r\n        <i class=\"mdi small mdi-clock mdc-card__action mdc-card__action--icon color-darkgray\" title=\"Post Time\"><\/i>\r\n        <span class=\"post-footer-value\">25th May 2021<\/span>\r\n    <\/a>\r\n                    <\/div>\r\n                <div class=\"mdc-card__action-buttons col-xs-12 col-sm-fit no-padding\">\r\n                    <a href=\"https:\/\/yolibliss.com\/index.php\/2021\/05\/25\/fases-lunares\/\" class=\"button color2 link\">Read more<\/a>\r\n                <\/div>\r\n            <\/div>\r\n            <\/div>\r\n                <\/div>\r\n                    <div id=\"post-416\" class=\"col-sm-6 col-md-3 space-bottom space-bottom-xs\">\r\n                    <div class=\"post-content no-padding  mdc-card overflow-hidden mdc-elevation--z2 latest-news-layout-cards\">\r\n                    <div class=\"\">\r\n                    <div class=\"post-thumbnail\">\n        <a href=\"https:\/\/yolibliss.com\/index.php\/2021\/02\/24\/irb-indigo-ray-balancing\/\" class=\"post-list-item-thumb \">\n            <img width=\"940\" height=\"788\" src=\"https:\/\/yolibliss.com\/wp-content\/uploads\/2021\/02\/WhatsApp-Image-2021-02-22-at-11.27.32-AM.jpeg\" class=\"attachment-post-thumbnail size-post-thumbnail wp-post-image\" alt=\"IRB (Indigo Ray Balancing)\" loading=\"lazy\" srcset=\"https:\/\/yolibliss.com\/wp-content\/uploads\/2021\/02\/WhatsApp-Image-2021-02-22-at-11.27.32-AM.jpeg 940w, https:\/\/yolibliss.com\/wp-content\/uploads\/2021\/02\/WhatsApp-Image-2021-02-22-at-11.27.32-AM-300x251.jpeg 300w, https:\/\/yolibliss.com\/wp-content\/uploads\/2021\/02\/WhatsApp-Image-2021-02-22-at-11.27.32-AM-768x644.jpeg 768w\" sizes=\"(max-width: 940px) 100vw, 940px\" \/>        <\/a>\n    <\/div>\n                <\/div>\r\n        \r\n        <div class=\"post-content-body col-padding  \">\r\n                            <div class=\"space-bottom-small\">\r\n                    <a href=\"https:\/\/yolibliss.com\/index.php\/category\/activation-de-adn\/\"  class=\"button color5 link \">Activation de ADN<\/a><span class='has-more-categories'>[&hellip;]<\/span>                <\/div>\r\n            \r\n            <h4 class=\"latest-news-item-title\">\r\n                <a href=\"https:\/\/yolibliss.com\/index.php\/2021\/02\/24\/irb-indigo-ray-balancing\/\" rel=\"bookmark\">\r\n                    Inner Balance \/ Equilibrio                <\/a>\r\n            <\/h4>\r\n\r\n            \r\n            <div class=\"latest-news-item-excerpt\">\r\n                <p>Inner Balance \/ Equilibrio Trae herramientas maravillosas que te facilitan crear coherencia entre tu coraz\u00f3n[&hellip;]<\/p>\n            <\/div>\r\n\r\n\r\n        <\/div>\r\n                            <div class=\"mdc-card__actions box-padding-lr-small text-dark\">\r\n                <div class=\"mdc-card__action-icons col-xs-12 text-dark col-sm-fit no-padding-left\">\r\n                        <a class=\"post-footer-link\" href=\"https:\/\/yolibliss.com\/index.php\/2021\/02\/24\/irb-indigo-ray-balancing\/\">\r\n        <i class=\"mdi small mdi-comment-outline mdc-card__action mdc-card__action--icon color-darkgray\" title=\"Comments\"><\/i>\r\n        <span class=\"post-footer-value\">0<\/span>\r\n    <\/a>\r\n    <a class=\"post-footer-link\" href=\"https:\/\/yolibliss.com\/index.php\/2021\/02\/24\/irb-indigo-ray-balancing\/\">\r\n        <i class=\"mdi small mdi-clock mdc-card__action mdc-card__action--icon color-darkgray\" title=\"Post Time\"><\/i>\r\n        <span class=\"post-footer-value\">24th February 2021<\/span>\r\n    <\/a>\r\n                    <\/div>\r\n                <div class=\"mdc-card__action-buttons col-xs-12 col-sm-fit no-padding\">\r\n                    <a href=\"https:\/\/yolibliss.com\/index.php\/2021\/02\/24\/irb-indigo-ray-balancing\/\" class=\"button color2 link\">Read more<\/a>\r\n                <\/div>\r\n            <\/div>\r\n            <\/div>\r\n                <\/div>\r\n                    <div id=\"post-139\" class=\"col-sm-6 col-md-3 space-bottom space-bottom-xs\">\r\n                    <div class=\"post-content no-padding  mdc-card overflow-hidden mdc-elevation--z2 latest-news-layout-cards\">\r\n                    <div class=\"\">\r\n                    <div class=\"post-thumbnail\">\n        <a href=\"https:\/\/yolibliss.com\/index.php\/2020\/02\/25\/mi-grandiosa-historia\/\" class=\"post-list-item-thumb \">\n            <img width=\"1200\" height=\"400\" src=\"https:\/\/yolibliss.com\/wp-content\/uploads\/2019\/02\/yoliW-3-1200x400.png\" class=\"attachment-post-thumbnail size-post-thumbnail wp-post-image\" alt=\"Yoli_Washington\" loading=\"lazy\" srcset=\"https:\/\/yolibliss.com\/wp-content\/uploads\/2019\/02\/yoliW-3-1200x400.png 1200w, https:\/\/yolibliss.com\/wp-content\/uploads\/2019\/02\/yoliW-3-300x100.png 300w, https:\/\/yolibliss.com\/wp-content\/uploads\/2019\/02\/yoliW-3-768x256.png 768w, https:\/\/yolibliss.com\/wp-content\/uploads\/2019\/02\/yoliW-3.png 1500w\" sizes=\"(max-width: 1200px) 100vw, 1200px\" \/>        <\/a>\n    <\/div>\n                <\/div>\r\n        \r\n        <div class=\"post-content-body col-padding  \">\r\n                            <div class=\"space-bottom-small\">\r\n                    <a href=\"https:\/\/yolibliss.com\/index.php\/category\/activation-de-adn\/\"  class=\"button color5 link \">Activation de ADN<\/a><span class='has-more-categories'>[&hellip;]<\/span>                <\/div>\r\n            \r\n            <h4 class=\"latest-news-item-title\">\r\n                <a href=\"https:\/\/yolibliss.com\/index.php\/2020\/02\/25\/mi-grandiosa-historia\/\" rel=\"bookmark\">\r\n                    Mi GranDiosa historia\u2026                <\/a>\r\n            <\/h4>\r\n\r\n            \r\n            <div class=\"latest-news-item-excerpt\">\r\n                <p>Antes de convertirnos en materia y de encarnar en un cuerpo f\u00edsico, ya hemos elegido[&hellip;]<\/p>\n            <\/div>\r\n\r\n\r\n        <\/div>\r\n                            <div class=\"mdc-card__actions box-padding-lr-small text-dark\">\r\n                <div class=\"mdc-card__action-icons col-xs-12 text-dark col-sm-fit no-padding-left\">\r\n                        <a class=\"post-footer-link\" href=\"https:\/\/yolibliss.com\/index.php\/2020\/02\/25\/mi-grandiosa-historia\/\">\r\n        <i class=\"mdi small mdi-comment-outline mdc-card__action mdc-card__action--icon color-darkgray\" title=\"Comments\"><\/i>\r\n        <span class=\"post-footer-value\">7<\/span>\r\n    <\/a>\r\n    <a class=\"post-footer-link\" href=\"https:\/\/yolibliss.com\/index.php\/2020\/02\/25\/mi-grandiosa-historia\/\">\r\n        <i class=\"mdi small mdi-clock mdc-card__action mdc-card__action--icon color-darkgray\" title=\"Post Time\"><\/i>\r\n        <span class=\"post-footer-value\">25th February 2020<\/span>\r\n    <\/a>\r\n                    <\/div>\r\n                <div class=\"mdc-card__action-buttons col-xs-12 col-sm-fit no-padding\">\r\n                    <a href=\"https:\/\/yolibliss.com\/index.php\/2020\/02\/25\/mi-grandiosa-historia\/\" class=\"button color2 link\">Read more<\/a>\r\n                <\/div>\r\n            <\/div>\r\n            <\/div>\r\n                <\/div>\r\n                    <div id=\"post-289\" class=\"col-sm-6 col-md-3 space-bottom space-bottom-xs\">\r\n                    <div class=\"post-content no-padding  mdc-card overflow-hidden mdc-elevation--z2 latest-news-layout-cards\">\r\n                    <div class=\"\">\r\n                    <div class=\"post-thumbnail\">\n        <a href=\"https:\/\/yolibliss.com\/index.php\/2019\/12\/09\/fuego-homa-una-terapia-sanadora\/\" class=\"post-list-item-thumb \">\n            <img width=\"1232\" height=\"411\" src=\"https:\/\/yolibliss.com\/wp-content\/uploads\/2019\/12\/Fuego-Homa-AGNIHOTRA--1232x411.png\" class=\"attachment-post-thumbnail size-post-thumbnail wp-post-image\" alt=\"Yoli Washington\" loading=\"lazy\" srcset=\"https:\/\/yolibliss.com\/wp-content\/uploads\/2019\/12\/Fuego-Homa-AGNIHOTRA--1232x411.png 1232w, https:\/\/yolibliss.com\/wp-content\/uploads\/2019\/12\/Fuego-Homa-AGNIHOTRA--300x100.png 300w, https:\/\/yolibliss.com\/wp-content\/uploads\/2019\/12\/Fuego-Homa-AGNIHOTRA--768x256.png 768w, https:\/\/yolibliss.com\/wp-content\/uploads\/2019\/12\/Fuego-Homa-AGNIHOTRA-.png 1500w\" sizes=\"(max-width: 1232px) 100vw, 1232px\" \/>        <\/a>\n    <\/div>\n                <\/div>\r\n        \r\n        <div class=\"post-content-body col-padding  \">\r\n                            <div class=\"space-bottom-small\">\r\n                    <a href=\"https:\/\/yolibliss.com\/index.php\/category\/fuego-homa\/\"  class=\"button color5 link \">Fuego Homa<\/a><span class='has-more-categories'>[&hellip;]<\/span>                <\/div>\r\n            \r\n            <h4 class=\"latest-news-item-title\">\r\n                <a href=\"https:\/\/yolibliss.com\/index.php\/2019\/12\/09\/fuego-homa-una-terapia-sanadora\/\" rel=\"bookmark\">\r\n                    Fuego Homa, una terapia sanadora.                <\/a>\r\n            <\/h4>\r\n\r\n            \r\n            <div class=\"latest-news-item-excerpt\">\r\n                <p>La vida cotidiana va a un ritmo acelerado y en nuestro loco corretear de aqu\u00ed[&hellip;]<\/p>\n            <\/div>\r\n\r\n\r\n        <\/div>\r\n                            <div class=\"mdc-card__actions box-padding-lr-small text-dark\">\r\n                <div class=\"mdc-card__action-icons col-xs-12 text-dark col-sm-fit no-padding-left\">\r\n                        <a class=\"post-footer-link\" href=\"https:\/\/yolibliss.com\/index.php\/2019\/12\/09\/fuego-homa-una-terapia-sanadora\/\">\r\n        <i class=\"mdi small mdi-comment-outline mdc-card__action mdc-card__action--icon color-darkgray\" title=\"Comments\"><\/i>\r\n        <span class=\"post-footer-value\">0<\/span>\r\n    <\/a>\r\n    <a class=\"post-footer-link\" href=\"https:\/\/yolibliss.com\/index.php\/2019\/12\/09\/fuego-homa-una-terapia-sanadora\/\">\r\n        <i class=\"mdi small mdi-clock mdc-card__action mdc-card__action--icon color-darkgray\" title=\"Post Time\"><\/i>\r\n        <span class=\"post-footer-value\">9th December 2019<\/span>\r\n    <\/a>\r\n                    <\/div>\r\n                <div class=\"mdc-card__action-buttons col-xs-12 col-sm-fit no-padding\">\r\n                    <a href=\"https:\/\/yolibliss.com\/index.php\/2019\/12\/09\/fuego-homa-una-terapia-sanadora\/\" class=\"button color2 link\">Read more<\/a>\r\n                <\/div>\r\n            <\/div>\r\n            <\/div>\r\n                <\/div>\r\n            <\/div>\r\n    <\/div><\/div> <div  class=\"row\"><div  class=\"col-xs-12 text-center\"> <a  class=\"button big color1 mdc-elevation--z3 mdc-ripple-upgraded\" data-attr-shortcode=\"href:materialis_blog_link\" href=\"https:\/\/yolibliss.com\/index.php\/blog\/\">VISITA MI BLOG<\/a><\/div> <\/div><\/div><\/div><div  id=\"testimonials-2\" style=\"background-color: #ffffff;\" data-label=\"Testimonials\" data-id=\"testimonials-1-materialis\" data-export-id=\"testimonials-1-materialis\" data-category=\"testimonials\" class=\"testimonials-1m content-section content-section-spacing\"><div  class=\"\"> <div  class=\"row space-bottom-small\"><div  data-type=\"column\" class=\"section-title-col\"> <h2  class=\"\"><\/h2><h2  class=\"\" style=\"margin-bottom: 16px; outline: rgb(204, 204, 204) solid 1px;\">Testimonios<\/h2> <p  class=\"lead\">Esta peque\u00f1a secci\u00f3n es el resultado de nuestra infinita expansi\u00f3n. Gracias por confiar en mi y permitirme transformar y regenerar sabiamente tus c\u00e9lulas a trav\u00e9s de la frecuencia IRB (Indigo Ray Balancing). <\/p><\/div> <\/div> <div  class=\"row spaced-cols content-left-sm\" data-type=\"row\"> <div  class=\"col-xs-12 col-sm-4 col-md-4 \"> <div  class=\"card mdc-elevation--z3 small-padding no-border\"> <div  class=\"row space-bottom-small\"> <div  class=\"testimonial-body col-xs-12\" data-type=\"column\"> <p  class=\"\">SINCRONIZACI\u00d3N CU\u00c1NTICA&nbsp;\n\n<br ><br >\u201cHa sido una nueva oportunidad para mejorar las ventas de mi negocio. Por otro lado, la relaci\u00f3n con mi pareja ha manifestado un cambio considerablemente positivo.\u201d&nbsp; &nbsp;<\/p><\/div> <\/div> <div  class=\"row middle-xs f-align\"> <div  class=\"col-xs-fit col-sm-12 col-md-fit space-bottom-image\" data-fixed=\"true\"> <img  data-fixed-elevation=\"true\" class=\"round image-70 mdc-elevation--z3\" src=\"http:\/\/yolibliss.com\/wp-content\/uploads\/2018\/12\/cropped-CABEZOTE-blog4.png\"><\/div> <div  class=\"col-xs-fit col-sm-12 col-md-fit info no-padding-left\" data-type=\"column\"><h6  class=\"font-700\">Jackeline<\/h6> <p  class=\"small font-300\">Tena, Ecuador.<\/p><\/div> <\/div><\/div> <\/div> <div  class=\"col-xs-12 col-sm-4 col-md-4 \"> <div  class=\"card mdc-elevation--z3 small-padding no-border\"> <div  class=\"row space-bottom-small\"> <div  class=\"testimonial-body col-xs-12\" data-type=\"column\"> <p  class=\"\">SINCRONIZACI\u00d3N CU\u00c1NTICA <br >\n<br >\u201cEsta sesi\u00f3n me ayud\u00f3 a identificar y transformar&nbsp;pensamientos y aspectos que no me permit\u00edan consolidar proyectos en el presente para armonizar mi entorno laboral, f\u00edsico y familiar. Pas\u00e9 mis miedos a la luz.\u201d&nbsp; &nbsp;<\/p><\/div> <\/div> <div  class=\"row middle-xs f-align\"> <div  class=\"col-xs-fit col-sm-12 col-md-fit space-bottom-image\" data-fixed=\"true\"> <img  data-fixed-elevation=\"true\" class=\"round image-70 mdc-elevation--z3\" src=\"http:\/\/yolibliss.com\/wp-content\/uploads\/2019\/12\/cropped-11SLIDEBAR.png\"><\/div> <div  class=\"col-xs-fit col-sm-12 col-md-fit info no-padding-left\" data-type=\"column\"><h6  class=\"font-700\">Karine<\/h6> <p  class=\"small font-300\">Bogot\u00e1, Colombia.<\/p><\/div> <\/div><\/div> <\/div> <div  class=\"col-xs-12 col-sm-4 col-md-4 \"> <div  class=\"card mdc-elevation--z3 small-padding no-border\"> <div  class=\"row space-bottom-small\"> <div  class=\"testimonial-body col-xs-12\" data-type=\"column\"> <p  class=\"\">SINCRONIZACI\u00d3N CU\u00c1NTICA\n<br >\n<br >\u201cEsta herramienta me brind\u00f3 la posibilidad de visualizar un sin fin de opciones para materializar mis deseos. Despej\u00f3 mi mente para reencontrarme con mis talentos, para abrir las puertas de la abundancia y del crecimiento profesional.\u201d&nbsp; &nbsp;<\/p><\/div> <\/div> <div  class=\"row middle-xs f-align\"> <div  class=\"col-xs-fit col-sm-12 col-md-fit space-bottom-image\" data-fixed=\"true\"> <img  data-fixed-elevation=\"true\" class=\"round image-70 mdc-elevation--z3\" src=\"http:\/\/yolibliss.com\/wp-content\/uploads\/2019\/12\/cropped-55644618_10158281500974377_6324208784944136192_n.jpg\"><\/div> <div  class=\"col-xs-fit col-sm-12 col-md-fit info no-padding-left\" data-type=\"column\"><p  class=\"\"><span  style=\"color: rgb(84, 97, 122); font-weight: 700;\">Sergio Osorio<\/span><\/p> <p  class=\"\">Houston, TX.<\/p><\/div> <\/div><\/div> <\/div><\/div> <\/div><\/div>","protected":false},"excerpt":{"rendered":"","protected":false},"author":1,"featured_media":0,"parent":0,"menu_order":0,"comment_status":"closed","ping_status":"closed","template":"page-templates\/homepage.php","meta":[],"_links":{"self":[{"href":"https:\/\/yolibliss.com\/index.php\/wp-json\/wp\/v2\/pages\/273"}],"collection":[{"href":"https:\/\/yolibliss.com\/index.php\/wp-json\/wp\/v2\/pages"}],"about":[{"href":"https:\/\/yolibliss.com\/index.php\/wp-json\/wp\/v2\/types\/page"}],"author":[{"embeddable":true,"href":"https:\/\/yolibliss.com\/index.php\/wp-json\/wp\/v2\/users\/1"}],"replies":[{"embeddable":true,"href":"https:\/\/yolibliss.com\/index.php\/wp-json\/wp\/v2\/comments?post=273"}],"version-history":[{"count":23,"href":"https:\/\/yolibliss.com\/index.php\/wp-json\/wp\/v2\/pages\/273\/revisions"}],"predecessor-version":[{"id":437,"href":"https:\/\/yolibliss.com\/index.php\/wp-json\/wp\/v2\/pages\/273\/revisions\/437"}],"wp:attachment":[{"href":"https:\/\/yolibliss.com\/index.php\/wp-json\/wp\/v2\/media?parent=273"}],"curies":[{"name":"wp","href":"https:\/\/api.w.org\/{rel}","templated":true}]}}