{"id":283,"date":"2019-12-09T16:35:29","date_gmt":"2019-12-09T16:35:29","guid":{"rendered":"http:\/\/yolibliss.com\/?page_id=283"},"modified":"2023-03-28T15:02:37","modified_gmt":"2023-03-28T14:02:37","slug":"fuegos-homa","status":"publish","type":"page","link":"https:\/\/yolibliss.com\/index.php\/fuegos-homa\/","title":{"rendered":"Fuegos Homa"},"content":{"rendered":"<p><div class=\"gridContainer\"><\/p>\n<p class=\"has-medium-font-size\">Fuego Homa o Agnihotra. La terapia Homa viene de los Vedas en una practica milenaria que a trav\u00e9s del fuego se purifica los espacios, el medio ambiente y reduce el Stress.<\/p>\n<p><\/div><\/p>\n<p><div class=\"gridContainer\"><\/p>\n<p class=\"has-medium-font-size\">\u00bfEn qu\u00e9 consiste la terapia Homa?<\/p>\n<p><\/div><\/p>\n<p><div class=\"gridContainer\"><\/p>\n<p class=\"has-medium-font-size\">La Terapia Homa es una ciencia totalmente revelada. Es tan antigua como la creaci\u00f3n. Con el tiempo, este conocimiento se perdi\u00f3, pero ahora se est\u00e1 restableciendo&nbsp; para dar una oportunidad al ser humano sobre c\u00f3mo sanar su propio espacio y del planeta restableciendo el campo energ\u00e9tico y el equilibrio.<\/p>\n<p><\/div><\/p>\n<p><div class=\"gridContainer\"><\/p>\n<p class=\"has-medium-font-size\">El AGNIHOTRA es el Homa m\u00e1s b\u00e1sico y est\u00e1 sintonizado con el biorritmo del amanecer y del atardecer.&nbsp; La pr\u00e1ctica diaria de Agnihotra establece las energ\u00edas curativas necesarias para un ambiente saludable. Esta t\u00e9cnica consiste en preparar un peque\u00f1o fuego en una pir\u00e1mide de cobre y poner en el fuego exactamente al amanecer y al atardecer posta de vaca, algunos granos de arroz y ghee (mantequilla sin sal clarificada), acompa\u00f1ado del canto de dos simples mantras. <\/p>\n<p><\/div><\/p>\n<p><div class=\"gridContainer\"><\/p>\n<p class=\"has-medium-font-size\">Fuegos Homa puede ser practicado en su apartamento, jard\u00edn, oficina o cualquier otro lugar que requiera ser purificado.&nbsp; Solo toma unos minutos al d\u00eda.   <\/p>\n<p><\/div><\/p>\n<p><div class=\"gridContainer\"><\/p>\n<p class=\"has-medium-font-size\">Estos son algunos de sus beneficios:<\/p>\n<p><\/div><\/p>\n<p><div class=\"gridContainer\"><\/p>\n<ul>\n<li>Crea un campo magn\u00e9tico, que neutraliza las energ\u00edas negativas y refuerza las energ\u00edas positivas.<\/li>\n<li>Purifica la atm\u00f3sfera de contaminantes y neutraliza la radiaci\u00f3n nociva.&nbsp; La atm\u00f3sfera resultante da alimento a la vida vegetal.<\/li>\n<li>Reduce el estr\u00e9s.<\/li>\n<li>Brinda claridad de pensamiento.<\/li>\n<li>Mejora la salud f\u00edsica, emocional y mental.<\/li>\n<li>Nos conecta con la frecuencia del Amor. <\/li>\n<\/ul>\n<p><\/div><\/p>\n<p><div class=\"gridContainer\"><\/p>\n<p class=\"has-medium-font-size\">\u00bfEst\u00e1s listo para purificar tus espacios y renovar tus c\u00e9lulas?<br \/>Cont\u00e1ctame y perm\u00edteme ense\u00f1arte&#8230;<\/p>\n<p><\/div><\/p>\n<p><div class=\"gridContainer\"><\/p>\n<p class=\"has-medium-font-size\">\u260e&nbsp;832.420.4922<br \/>\ud83d\udce7&nbsp;info@yolibliss.com \/ inti2064@gmail.com<\/p>\n<p><\/div><\/p>\n","protected":false},"excerpt":{"rendered":"<p>Fuego Homa o Agnihotra. La terapia Homa viene de los Vedas en una practica milenaria que a trav\u00e9s del fuego se purifica los espacios, el medio ambiente y reduce el Stress. \u00bfEn qu\u00e9 consiste la terapia Homa? La Terapia Homa es una ciencia totalmente revelada. Es tan antigua como la creaci\u00f3n. Con el tiempo, este&nbsp;&hellip;<\/p>\n","protected":false},"author":1,"featured_media":0,"parent":0,"menu_order":0,"comment_status":"closed","ping_status":"closed","template":"","meta":[],"_links":{"self":[{"href":"https:\/\/yolibliss.com\/index.php\/wp-json\/wp\/v2\/pages\/283"}],"collection":[{"href":"https:\/\/yolibliss.com\/index.php\/wp-json\/wp\/v2\/pages"}],"about":[{"href":"https:\/\/yolibliss.com\/index.php\/wp-json\/wp\/v2\/types\/page"}],"author":[{"embeddable":true,"href":"https:\/\/yolibliss.com\/index.php\/wp-json\/wp\/v2\/users\/1"}],"replies":[{"embeddable":true,"href":"https:\/\/yolibliss.com\/index.php\/wp-json\/wp\/v2\/comments?post=283"}],"version-history":[{"count":5,"href":"https:\/\/yolibliss.com\/index.php\/wp-json\/wp\/v2\/pages\/283\/revisions"}],"predecessor-version":[{"id":432,"href":"https:\/\/yolibliss.com\/index.php\/wp-json\/wp\/v2\/pages\/283\/revisions\/432"}],"wp:attachment":[{"href":"https:\/\/yolibliss.com\/index.php\/wp-json\/wp\/v2\/media?parent=283"}],"curies":[{"name":"wp","href":"https:\/\/api.w.org\/{rel}","templated":true}]}}