{"id":334,"date":"2020-01-14T17:39:29","date_gmt":"2020-01-14T17:39:29","guid":{"rendered":"http:\/\/yolibliss.com\/?page_id=334"},"modified":"2020-02-25T17:17:30","modified_gmt":"2020-02-25T17:17:30","slug":"taller-virtual-amor-propio-desde-la-frecuencia-irb-indigo-ray-balancing","status":"publish","type":"page","link":"https:\/\/yolibliss.com\/index.php\/taller-virtual-amor-propio-desde-la-frecuencia-irb-indigo-ray-balancing\/","title":{"rendered":"TALLER VIRTUAL: AMOR PROPIO DESDE LA FRECUENCIA IRB (Indigo Ray Balancing)."},"content":{"rendered":"<p><div class=\"gridContainer\"><\/p>\n<p>\u00bfTienes claro c\u00f3mo quieres que te amen? Todo empieza am\u00e1ndote a ti mismo.<\/p>\n<p><\/div><\/p>\n<p><div class=\"gridContainer\"><\/p>\n<p>Disfruta de 7 m\u00f3dulos de puro Amor Propio en 5 horas grabadas con la voz de <a href=\"https:\/\/www.facebook.com\/XimenaDuqueV\/?__tn__=K-R&amp;eid=ARBWhHFJYsN2qOX9i1KaCqEIMxjSd0Wp0y1ZA2UehXF6PerpJim8yqVcG1STKOlxY79VHwxe9WnKAl9B&amp;fref=mentions&amp;__xts__%5B0%5D=68.ARABFJ8U4uKkZT0rQuQ4JU-wOrxeozY0esnqkEPNiiWqOO3Y_hgOgWGH7gyupOjLK304OMEUx8FRDsAC2YAgf0xogU2IVD4IItVqwI59EwkLoKg_qySEwdG3C6YDKlZ2KtPuh_FBrhoj1SGt1ep69xDaYqBWl7S5LaxSrcPI2fLkjgn3n7OdH8GwcMX_tV61XFRc_cmhPEBT9iE78PCRGUpFhlpBvfmMI8fQVGkgDtzd2j3fYcYhD8AX3gxfc8ZCKw7h0HY4uquUy-H0ZEDY8tcYvzXwC6tr5xFIeRB5UqfXxqvB9XMe1Ouyb7gQ9b8PRIRbI8YfriQHLoGkpxHMRGdjIvIq3ZiyvQI\">Ximena Duque Valencia<\/a>&nbsp;autora del Best seller Transforma el miedo en amor, canalizadora de la frecuencia de IRB (Indigo Ray Balancing) para que \u00e9sta informaci\u00f3n llegue directamente a tu ADN.<\/p>\n<p><\/div><\/p>\n<p><div class=\"gridContainer\"><\/p>\n<p>Yo Yoli Washington como Maestra en Conciencia Plena, te invito a participar en este taller virtual, es un m\u00f3dulo d\u00eda de por medio para que tu experiencia sea m\u00e1s enriquecedora.<\/p>\n<p><\/div><\/p>\n<p><div class=\"gridContainer\"><\/p>\n<p>Adicionalmente, recibe la MEDITACI\u00d3N DE AMOR PROPIO: Esta meditaci\u00f3n hace realidad el sue\u00f1o de ser digno de ser amado. Pru\u00e9bala y comprueba para compartir una nueva realidad en tu vida.<\/p>\n<p><\/div><\/p>\n<p><div class=\"gridContainer\"><\/p>\n<p>Podr\u00e1s descargar tambi\u00e9n ENCUENTROS M\u00c1GICOS CONTIGO MISMO. Un programa diario de Amor Propio de 16 d\u00edas para viajar a tu interior, activar tu ADN, reconocerte y amarte hasta desbordarte.<\/p>\n<p><\/div><\/p>\n<p><div class=\"gridContainer\"><\/p>\n<p>Y como los regalos llegan en abundancia tambi\u00e9n recibe la MEDITACI\u00d3N DEL ESPEJO &#8211; AMOR PROPIO.<\/p>\n<p><\/div><\/p>\n<p><div class=\"gridContainer\"><\/p>\n<p><em>*** Las dos meditaciones las podr\u00e1s descargar para que las practiques cuantas veces quieras. Adem\u00e1s tendr\u00e1s acceso al <strong>grupo elite the WhatsApp<\/strong> en donde tendr\u00e1s todo el <strong>soporte y el acompa\u00f1amiento<\/strong> <strong>durante 1 mes.<\/strong> ***<\/em><\/p>\n<p><\/div><\/p>\n<p><div class=\"gridContainer\"><\/p>\n<div class=\"wp-block-image\">\n<figure class=\"aligncenter is-resized\"><a href=\"https:\/\/go.hotmart.com\/H20087163J\" target=\"_blank\" rel=\"noreferrer noopener\"><img loading=\"lazy\" src=\"https:\/\/yolibliss.com\/wp-content\/uploads\/2020\/01\/CABEZOTE-blog4.png\" alt=\"\" class=\"wp-image-336\" width=\"330\" height=\"86\" srcset=\"https:\/\/yolibliss.com\/wp-content\/uploads\/2020\/01\/CABEZOTE-blog4.png 551w, https:\/\/yolibliss.com\/wp-content\/uploads\/2020\/01\/CABEZOTE-blog4-300x78.png 300w\" sizes=\"(max-width: 330px) 100vw, 330px\" \/><\/a><\/figure>\n<\/div>\n<p><\/div><\/p>\n<p><div class=\"gridContainer\"><\/p>\n<p>CONT\u00c1CTAME PARA M\u00c1S INFORMACI\u00d3N:<br \/>\u260e\u00a0832.420.4922<br \/>\ud83d\udce7 info@yolibliss.com  \/ washington.yoli@gmail.com <\/p>\n<p><\/div><\/p>\n<p><div class=\"gridContainer\"><\/p>\n<p><\/div><\/p>\n","protected":false},"excerpt":{"rendered":"<p>\u00bfTienes claro c\u00f3mo quieres que te amen? Todo empieza am\u00e1ndote a ti mismo. Disfruta de 7 m\u00f3dulos de puro Amor Propio en 5 horas grabadas con la voz de Ximena Duque Valencia&nbsp;autora del Best seller Transforma el miedo en amor, canalizadora de la frecuencia de IRB (Indigo Ray Balancing) para que \u00e9sta informaci\u00f3n llegue directamente&nbsp;&hellip;<\/p>\n","protected":false},"author":1,"featured_media":338,"parent":0,"menu_order":0,"comment_status":"closed","ping_status":"closed","template":"","meta":[],"_links":{"self":[{"href":"https:\/\/yolibliss.com\/index.php\/wp-json\/wp\/v2\/pages\/334"}],"collection":[{"href":"https:\/\/yolibliss.com\/index.php\/wp-json\/wp\/v2\/pages"}],"about":[{"href":"https:\/\/yolibliss.com\/index.php\/wp-json\/wp\/v2\/types\/page"}],"author":[{"embeddable":true,"href":"https:\/\/yolibliss.com\/index.php\/wp-json\/wp\/v2\/users\/1"}],"replies":[{"embeddable":true,"href":"https:\/\/yolibliss.com\/index.php\/wp-json\/wp\/v2\/comments?post=334"}],"version-history":[{"count":4,"href":"https:\/\/yolibliss.com\/index.php\/wp-json\/wp\/v2\/pages\/334\/revisions"}],"predecessor-version":[{"id":366,"href":"https:\/\/yolibliss.com\/index.php\/wp-json\/wp\/v2\/pages\/334\/revisions\/366"}],"wp:featuredmedia":[{"embeddable":true,"href":"https:\/\/yolibliss.com\/index.php\/wp-json\/wp\/v2\/media\/338"}],"wp:attachment":[{"href":"https:\/\/yolibliss.com\/index.php\/wp-json\/wp\/v2\/media?parent=334"}],"curies":[{"name":"wp","href":"https:\/\/api.w.org\/{rel}","templated":true}]}}