{"id":89,"date":"2019-01-22T18:38:24","date_gmt":"2019-01-22T18:38:24","guid":{"rendered":"http:\/\/yolibliss.com\/?page_id=89"},"modified":"2023-03-28T15:01:24","modified_gmt":"2023-03-28T14:01:24","slug":"activacion-de-adn","status":"publish","type":"page","link":"https:\/\/yolibliss.com\/index.php\/activacion-de-adn\/","title":{"rendered":"ACTIVACI\u00d3N DE ADN"},"content":{"rendered":"<p><div class=\"gridContainer\"><\/p>\n<p class=\"has-medium-font-size\">Gran parte de los problemas f\u00edsicos, psicol\u00f3gicos y emocionales que padecemos provienen de bloqueos y perturbaciones energ\u00e9ticas de nuestras c\u00e9lulas. La Activaci\u00f3n de ADN desde IRB permite RECONECTAR con la perfecci\u00f3n del Patr\u00f3n Origen, con esas memorias celulares de Bienestar, de Salud y de orden Divino. La Activaci\u00f3n de ADN es muy eficaz para cualquier persona que est\u00e9 atravesando por momentos delicados de salud f\u00edsica o mental.<\/p>\n<p><\/div><\/p>\n<p><div class=\"gridContainer\"><\/p>\n<p class=\"has-medium-font-size\">Cada sesi\u00f3n de ACTIVACI\u00d3N DE ADN dura entre 60 minutos y se requieren de 3 a 4 sesiones hasta que la persona logre su centro. Se pueden hacer activaciones de ADN cada cuatro meses.<\/p>\n<p><\/div><\/p>\n<p><div class=\"gridContainer\"><\/p>\n<p class=\"has-medium-font-size\"><strong>\u00bfC\u00f3mo se realiza una sesi\u00f3n de Activaci\u00f3n de ADN?<\/strong><\/p>\n<p><\/div><\/p>\n<p><div class=\"gridContainer\"><\/p>\n<p class=\"has-medium-font-size\">La persona se acuesta en la camilla, escucha la m\u00fasica dise\u00f1ada desde la frecuencia de IRB la cual va directamente a las c\u00e9lulas. <\/p>\n<p><\/div><\/p>\n<p><div class=\"gridContainer\"><\/p>\n<p class=\"has-medium-font-size\">Al realizar una Activaci\u00f3n de ADN desde la frecuencia de IRB, la persona empieza a experimentar una sensaci\u00f3n de paz, serenidad, y lo m\u00e1s importante comienza a amarse as\u00ed mismo y a reconocer su GranDiosidad. <\/p>\n<p><\/div><\/p>\n<p><div class=\"gridContainer\"><\/p>\n<p class=\"has-medium-font-size\">Date la oportunidad de descubrir la magia de tu Divinidad, cont\u00e1ctame:   <br \/>\u260e&nbsp;832.420.4922<br \/>\ud83d\udce7&nbsp;info@yolibliss.com&nbsp; <\/p>\n<p><\/div><\/p>\n<p><div class=\"gridContainer\"><\/p>\n<p class=\"has-text-align-center has-medium-font-size\"> <em>&#8220;<strong>INDIGO RAY BALANCING <\/strong>ES UNA HERRAMIENTA PARA TRANSFORMAR EL MIEDO EN AMOR CANALIZADA POR <strong>XIMENA DUQUE VALENCIA<\/strong>&#8221; <\/em><\/p>\n<p><\/div><\/p>\n","protected":false},"excerpt":{"rendered":"<p>Gran parte de los problemas f\u00edsicos, psicol\u00f3gicos y emocionales que padecemos provienen de bloqueos y perturbaciones energ\u00e9ticas de nuestras c\u00e9lulas. La Activaci\u00f3n de ADN desde IRB permite RECONECTAR con la perfecci\u00f3n del Patr\u00f3n Origen, con esas memorias celulares de Bienestar, de Salud y de orden Divino. La Activaci\u00f3n de ADN es muy eficaz para cualquier&nbsp;&hellip;<\/p>\n","protected":false},"author":1,"featured_media":0,"parent":0,"menu_order":0,"comment_status":"closed","ping_status":"closed","template":"","meta":[],"_links":{"self":[{"href":"https:\/\/yolibliss.com\/index.php\/wp-json\/wp\/v2\/pages\/89"}],"collection":[{"href":"https:\/\/yolibliss.com\/index.php\/wp-json\/wp\/v2\/pages"}],"about":[{"href":"https:\/\/yolibliss.com\/index.php\/wp-json\/wp\/v2\/types\/page"}],"author":[{"embeddable":true,"href":"https:\/\/yolibliss.com\/index.php\/wp-json\/wp\/v2\/users\/1"}],"replies":[{"embeddable":true,"href":"https:\/\/yolibliss.com\/index.php\/wp-json\/wp\/v2\/comments?post=89"}],"version-history":[{"count":7,"href":"https:\/\/yolibliss.com\/index.php\/wp-json\/wp\/v2\/pages\/89\/revisions"}],"predecessor-version":[{"id":431,"href":"https:\/\/yolibliss.com\/index.php\/wp-json\/wp\/v2\/pages\/89\/revisions\/431"}],"wp:attachment":[{"href":"https:\/\/yolibliss.com\/index.php\/wp-json\/wp\/v2\/media?parent=89"}],"curies":[{"name":"wp","href":"https:\/\/api.w.org\/{rel}","templated":true}]}}