{"id":94,"date":"2019-01-22T18:43:16","date_gmt":"2019-01-22T18:43:16","guid":{"rendered":"http:\/\/yolibliss.com\/?page_id=94"},"modified":"2023-03-28T14:59:25","modified_gmt":"2023-03-28T13:59:25","slug":"sincronizacion-cuantica-desde-irb","status":"publish","type":"page","link":"https:\/\/yolibliss.com\/index.php\/sincronizacion-cuantica-desde-irb\/","title":{"rendered":"SINCRONIZACI\u00d3N CU\u00c1NTICA DESDE IRB"},"content":{"rendered":"<p><div class=\"gridContainer\"><\/p>\n<p class=\"has-medium-font-size\">Sincronizaci\u00f3n Cu\u00e1ntica desde IRB esta dise\u00f1ada para desbloquear todo aquello que no te permite fluir en este momento sea en el area familiar, de trabajo, o relaciones de pareja. <\/p>\n<p><\/div><\/p>\n<p><div class=\"gridContainer\"><\/p>\n<p class=\"has-medium-font-size\">Te permite desinstalar todos los programas y sistema de creencias que te anclan en el dolor, sufrimiento, y la carencia que traes en tu l\u00ednea generacional y te da la oportunidad de comprender el para qu\u00e9 haz generado estas situaciones, te da la oportunidad de trascender tus limitaciones y es ah\u00ed donde das el salto cu\u00e1ntico para manifestar esas metas que tanto haz so\u00f1ado.<\/p>\n<p><\/div><\/p>\n<p><div class=\"gridContainer\"><\/p>\n<p class=\"has-medium-font-size\">Es \u00fatil para cualquier persona que est\u00e9 pasando por un momento delicado de salud, o que sea esclavo de los grandes manipuladores de la historia: El tiempo, el dinero y el sexo, lo que estar\u00eda impidiendo comprender y manifestar su prop\u00f3sito de vida.<\/p>\n<p><\/div><\/p>\n<p><div class=\"gridContainer\"><\/p>\n<p class=\"has-medium-font-size\">Se pueden hacer cuantas Sincronizaciones Cu\u00e1nticas desee la persona dependiendo de los nudos que se requieran desatar.<\/p>\n<p><\/div><\/p>\n<p><div class=\"gridContainer\"><\/p>\n<p class=\"has-medium-font-size\">LA SINCRONIZACI\u00d3N CU\u00c1NTICA PUEDE SER PRESENCIAL O A DISTANCIA  A TRAV\u00c9S DE VIDEO LLAMADA. &nbsp;&nbsp; <\/p>\n<p><\/div><\/p>\n<p><div class=\"gridContainer\"><\/p>\n<p class=\"has-medium-font-size\">Si sientes que hay algo que te est\u00e1 impidiendo ser feliz, o  no fluyes en tu entorno, en tu trabajo, en tu hogar, con tu pareja, <strong>\u00a1Cont\u00e1ctame y agenda tu cita! <\/strong> <\/p>\n<p><\/div><\/p>\n<p><div class=\"gridContainer\"><\/p>\n<p class=\"has-medium-font-size\">\u260e&nbsp;832.420.4922<br \/>\ud83d\udce7 info@yolibliss.com \/\/ washington.yoli@gmail.com <\/p>\n<p><\/div><\/p>\n<p><div class=\"gridContainer\"><\/p>\n<p><\/p>\n<p><\/div><\/p>\n","protected":false},"excerpt":{"rendered":"<p>Sincronizaci\u00f3n Cu\u00e1ntica desde IRB esta dise\u00f1ada para desbloquear todo aquello que no te permite fluir en este momento sea en el area familiar, de trabajo, o relaciones de pareja. Te permite desinstalar todos los programas y sistema de creencias que te anclan en el dolor, sufrimiento, y la carencia que traes en tu l\u00ednea generacional&nbsp;&hellip;<\/p>\n","protected":false},"author":1,"featured_media":0,"parent":0,"menu_order":0,"comment_status":"closed","ping_status":"closed","template":"","meta":[],"_links":{"self":[{"href":"https:\/\/yolibliss.com\/index.php\/wp-json\/wp\/v2\/pages\/94"}],"collection":[{"href":"https:\/\/yolibliss.com\/index.php\/wp-json\/wp\/v2\/pages"}],"about":[{"href":"https:\/\/yolibliss.com\/index.php\/wp-json\/wp\/v2\/types\/page"}],"author":[{"embeddable":true,"href":"https:\/\/yolibliss.com\/index.php\/wp-json\/wp\/v2\/users\/1"}],"replies":[{"embeddable":true,"href":"https:\/\/yolibliss.com\/index.php\/wp-json\/wp\/v2\/comments?post=94"}],"version-history":[{"count":6,"href":"https:\/\/yolibliss.com\/index.php\/wp-json\/wp\/v2\/pages\/94\/revisions"}],"predecessor-version":[{"id":430,"href":"https:\/\/yolibliss.com\/index.php\/wp-json\/wp\/v2\/pages\/94\/revisions\/430"}],"wp:attachment":[{"href":"https:\/\/yolibliss.com\/index.php\/wp-json\/wp\/v2\/media?parent=94"}],"curies":[{"name":"wp","href":"https:\/\/api.w.org\/{rel}","templated":true}]}}